{"id":2814,"date":"2022-06-02T00:04:18","date_gmt":"2022-06-01T22:04:18","guid":{"rendered":"https:\/\/handballclubarlesien.com\/?page_id=2814"},"modified":"2022-06-02T00:19:41","modified_gmt":"2022-06-01T22:19:41","slug":"documents-pour-linscription-dun-majeur","status":"publish","type":"page","link":"https:\/\/handballclubarlesien.com\/index.php\/documents-pour-linscription-dun-majeur\/","title":{"rendered":"Documents pour l&rsquo;inscription d&rsquo;un Majeur"},"content":{"rendered":"\t\t<div data-elementor-type=\"wp-page\" data-elementor-id=\"2814\" class=\"elementor elementor-2814\">\n\t\t\t\t\t\t<div class=\"elementor-inner\">\n\t\t\t\t<div class=\"elementor-section-wrap\">\n\t\t\t\t\t\t\t\t\t<section class=\"elementor-section elementor-top-section elementor-element elementor-element-dab33a9 elementor-section-boxed elementor-section-height-default elementor-section-height-default\" data-id=\"dab33a9\" data-element_type=\"section\">\n\t\t\t\t\t\t<div class=\"elementor-container elementor-column-gap-default\">\n\t\t\t\t\t\t\t<div class=\"elementor-row\">\n\t\t\t\t\t<div class=\"elementor-column elementor-col-100 elementor-top-column elementor-element elementor-element-f3f8aca\" data-id=\"f3f8aca\" data-element_type=\"column\">\n\t\t\t<div class=\"elementor-column-wrap elementor-element-populated\">\n\t\t\t\t\t\t\t<div class=\"elementor-widget-wrap\">\n\t\t\t\t\t\t<div class=\"elementor-element elementor-element-ccca57c elementor-widget elementor-widget-spacer\" data-id=\"ccca57c\" data-element_type=\"widget\" data-widget_type=\"spacer.default\">\n\t\t\t\t<div class=\"elementor-widget-container\">\n\t\t\t\t\t<div class=\"elementor-spacer\">\n\t\t\t<div class=\"elementor-spacer-inner\"><\/div>\n\t\t<\/div>\n\t\t\t\t<\/div>\n\t\t\t\t<\/div>\n\t\t\t\t\t\t<\/div>\n\t\t\t\t\t<\/div>\n\t\t<\/div>\n\t\t\t\t\t\t\t\t<\/div>\n\t\t\t\t\t<\/div>\n\t\t<\/section>\n\t\t\t\t<section class=\"elementor-section elementor-top-section elementor-element elementor-element-1db39d6 elementor-section-boxed elementor-section-height-default elementor-section-height-default\" data-id=\"1db39d6\" data-element_type=\"section\">\n\t\t\t\t\t\t<div class=\"elementor-container elementor-column-gap-default\">\n\t\t\t\t\t\t\t<div class=\"elementor-row\">\n\t\t\t\t\t<div class=\"elementor-column elementor-col-33 elementor-top-column elementor-element elementor-element-64ca898\" data-id=\"64ca898\" data-element_type=\"column\">\n\t\t\t<div class=\"elementor-column-wrap elementor-element-populated\">\n\t\t\t\t\t\t\t<div class=\"elementor-widget-wrap\">\n\t\t\t\t\t\t<div class=\"elementor-element elementor-element-ab38e21 elementor-view-default elementor-mobile-position-top elementor-vertical-align-top elementor-widget elementor-widget-icon-box\" data-id=\"ab38e21\" data-element_type=\"widget\" data-widget_type=\"icon-box.default\">\n\t\t\t\t<div class=\"elementor-widget-container\">\n\t\t\t\t\t<div class=\"elementor-icon-box-wrapper\">\n\t\t\t\t\t\t<div class=\"elementor-icon-box-icon\">\n\t\t\t\t<a class=\"elementor-icon elementor-animation-\" href=\"https:\/\/handballclubarlesien.com\/wp-content\/uploads\/2021\/07\/2018-19_Attestation_de_sante_et_questionnaire.pdf\">\n\t\t\t\t<i aria-hidden=\"true\" class=\"fas fa-pen-nib\"><\/i>\t\t\t\t<\/a>\n\t\t\t<\/div>\n\t\t\t\t\t\t<div class=\"elementor-icon-box-content\">\n\t\t\t\t<h3 class=\"elementor-icon-box-title\">\n\t\t\t\t\t<a href=\"https:\/\/handballclubarlesien.com\/wp-content\/uploads\/2021\/07\/2018-19_Attestation_de_sante_et_questionnaire.pdf\" >\n\t\t\t\t\t\tUne attestation sant\u00e9\t\t\t\t\t<\/a>\n\t\t\t\t<\/h3>\n\t\t\t\t\t\t\t\t\t<p class=\"elementor-icon-box-description\">\n\t\t\t\t\t\tPour les renouvellements si le certificat m\u00e9dical est a jour et si le questionnaire sant\u00e9 ne contient que des r\u00e9ponses \"Non\"\t\t\t\t\t<\/p>\n\t\t\t\t\t\t\t<\/div>\n\t\t<\/div>\n\t\t\t\t<\/div>\n\t\t\t\t<\/div>\n\t\t\t\t\t\t<\/div>\n\t\t\t\t\t<\/div>\n\t\t<\/div>\n\t\t\t\t<div class=\"elementor-column elementor-col-33 elementor-top-column elementor-element elementor-element-d9230b4\" data-id=\"d9230b4\" data-element_type=\"column\">\n\t\t\t<div class=\"elementor-column-wrap elementor-element-populated\">\n\t\t\t\t\t\t\t<div class=\"elementor-widget-wrap\">\n\t\t\t\t\t\t<div class=\"elementor-element elementor-element-2b8582d elementor-view-default elementor-mobile-position-top elementor-vertical-align-top elementor-widget elementor-widget-icon-box\" data-id=\"2b8582d\" data-element_type=\"widget\" data-widget_type=\"icon-box.default\">\n\t\t\t\t<div class=\"elementor-widget-container\">\n\t\t\t\t\t<div class=\"elementor-icon-box-wrapper\">\n\t\t\t\t\t\t<div class=\"elementor-icon-box-icon\">\n\t\t\t\t<a class=\"elementor-icon elementor-animation-\" href=\"https:\/\/handballclubarlesien.com\/wp-content\/uploads\/2020\/06\/Certificat_medical.pdf\">\n\t\t\t\t<i aria-hidden=\"true\" class=\"fas fa-thermometer\"><\/i>\t\t\t\t<\/a>\n\t\t\t<\/div>\n\t\t\t\t\t\t<div class=\"elementor-icon-box-content\">\n\t\t\t\t<h3 class=\"elementor-icon-box-title\">\n\t\t\t\t\t<a href=\"https:\/\/handballclubarlesien.com\/wp-content\/uploads\/2020\/06\/Certificat_medical.pdf\" >\n\t\t\t\t\t\tUn Certificat medical\t\t\t\t\t<\/a>\n\t\t\t\t<\/h3>\n\t\t\t\t\t\t\t\t\t<p class=\"elementor-icon-box-description\">\n\t\t\t\t\t\tPour les nouveaux licenci\u00e9s et pour ceux dont le certificat \u00e0 plus de trois ans\t\t\t\t\t<\/p>\n\t\t\t\t\t\t\t<\/div>\n\t\t<\/div>\n\t\t\t\t<\/div>\n\t\t\t\t<\/div>\n\t\t\t\t\t\t<\/div>\n\t\t\t\t\t<\/div>\n\t\t<\/div>\n\t\t\t\t<div class=\"elementor-column elementor-col-33 elementor-top-column elementor-element elementor-element-08a8636\" data-id=\"08a8636\" data-element_type=\"column\">\n\t\t\t<div class=\"elementor-column-wrap elementor-element-populated\">\n\t\t\t\t\t\t\t<div class=\"elementor-widget-wrap\">\n\t\t\t\t\t\t<div class=\"elementor-element elementor-element-52aa20d elementor-view-default elementor-mobile-position-top elementor-vertical-align-top elementor-widget elementor-widget-icon-box\" data-id=\"52aa20d\" data-element_type=\"widget\" data-widget_type=\"icon-box.default\">\n\t\t\t\t<div class=\"elementor-widget-container\">\n\t\t\t\t\t<div class=\"elementor-icon-box-wrapper\">\n\t\t\t\t\t\t<div class=\"elementor-icon-box-icon\">\n\t\t\t\t<a class=\"elementor-icon elementor-animation-\" href=\"https:\/\/handballclubarlesien.com\/wp-content\/uploads\/2020\/06\/r%C3%A8glement-int%C3%A9rieur.pdf\">\n\t\t\t\t<i aria-hidden=\"true\" class=\"fas fa-pen\"><\/i>\t\t\t\t<\/a>\n\t\t\t<\/div>\n\t\t\t\t\t\t<div class=\"elementor-icon-box-content\">\n\t\t\t\t<h3 class=\"elementor-icon-box-title\">\n\t\t\t\t\t<a href=\"https:\/\/handballclubarlesien.com\/wp-content\/uploads\/2020\/06\/r%C3%A8glement-int%C3%A9rieur.pdf\" >\n\t\t\t\t\t\tLe reglement int\u00e9rieur\t\t\t\t\t<\/a>\n\t\t\t\t<\/h3>\n\t\t\t\t\t\t\t\t\t<p class=\"elementor-icon-box-description\">\n\t\t\t\t\t\tEn signant ce r\u00e8glement, le licenci\u00e9 adh\u00e8re \u00e0 la politique du club.\t\t\t\t\t<\/p>\n\t\t\t\t\t\t\t<\/div>\n\t\t<\/div>\n\t\t\t\t<\/div>\n\t\t\t\t<\/div>\n\t\t\t\t\t\t<\/div>\n\t\t\t\t\t<\/div>\n\t\t<\/div>\n\t\t\t\t\t\t\t\t<\/div>\n\t\t\t\t\t<\/div>\n\t\t<\/section>\n\t\t\t\t<section class=\"elementor-section elementor-top-section elementor-element elementor-element-3260fd8 elementor-section-boxed elementor-section-height-default elementor-section-height-default\" data-id=\"3260fd8\" data-element_type=\"section\">\n\t\t\t\t\t\t<div class=\"elementor-container elementor-column-gap-default\">\n\t\t\t\t\t\t\t<div class=\"elementor-row\">\n\t\t\t\t\t<div class=\"elementor-column elementor-col-50 elementor-top-column elementor-element elementor-element-fa91b75\" data-id=\"fa91b75\" data-element_type=\"column\">\n\t\t\t<div class=\"elementor-column-wrap elementor-element-populated\">\n\t\t\t\t\t\t\t<div class=\"elementor-widget-wrap\">\n\t\t\t\t\t\t<div class=\"elementor-element elementor-element-ae93eae elementor-view-default elementor-mobile-position-top elementor-vertical-align-top elementor-widget elementor-widget-icon-box\" data-id=\"ae93eae\" data-element_type=\"widget\" data-widget_type=\"icon-box.default\">\n\t\t\t\t<div class=\"elementor-widget-container\">\n\t\t\t\t\t<div class=\"elementor-icon-box-wrapper\">\n\t\t\t\t\t\t<div class=\"elementor-icon-box-icon\">\n\t\t\t\t<span class=\"elementor-icon elementor-animation-\" >\n\t\t\t\t<i aria-hidden=\"true\" class=\"far fa-smile\"><\/i>\t\t\t\t<\/span>\n\t\t\t<\/div>\n\t\t\t\t\t\t<div class=\"elementor-icon-box-content\">\n\t\t\t\t<h3 class=\"elementor-icon-box-title\">\n\t\t\t\t\t<span  >\n\t\t\t\t\t\tDOcuments d'identi\u00e9\t\t\t\t\t<\/span>\n\t\t\t\t<\/h3>\n\t\t\t\t\t\t\t\t\t<p class=\"elementor-icon-box-description\">\n\t\t\t\t\t\tImp\u00e9ratif pour les nouveaux licenci\u00e9s. MERCI de nous communiquer les recto verso de la Carte d'identi\u00e9 ou une copie du passeport\t\t\t\t\t<\/p>\n\t\t\t\t\t\t\t<\/div>\n\t\t<\/div>\n\t\t\t\t<\/div>\n\t\t\t\t<\/div>\n\t\t\t\t\t\t<\/div>\n\t\t\t\t\t<\/div>\n\t\t<\/div>\n\t\t\t\t<div class=\"elementor-column elementor-col-50 elementor-top-column elementor-element elementor-element-4fccb90\" data-id=\"4fccb90\" data-element_type=\"column\">\n\t\t\t<div class=\"elementor-column-wrap elementor-element-populated\">\n\t\t\t\t\t\t\t<div class=\"elementor-widget-wrap\">\n\t\t\t\t\t\t<div class=\"elementor-element elementor-element-6df7408 elementor-view-default elementor-mobile-position-top elementor-vertical-align-top elementor-widget elementor-widget-icon-box\" data-id=\"6df7408\" data-element_type=\"widget\" data-widget_type=\"icon-box.default\">\n\t\t\t\t<div class=\"elementor-widget-container\">\n\t\t\t\t\t<div class=\"elementor-icon-box-wrapper\">\n\t\t\t\t\t\t<div class=\"elementor-icon-box-icon\">\n\t\t\t\t<span class=\"elementor-icon elementor-animation-\" >\n\t\t\t\t<i aria-hidden=\"true\" class=\"fas fa-stamp\"><\/i>\t\t\t\t<\/span>\n\t\t\t<\/div>\n\t\t\t\t\t\t<div class=\"elementor-icon-box-content\">\n\t\t\t\t<h3 class=\"elementor-icon-box-title\">\n\t\t\t\t\t<span  >\n\t\t\t\t\t\tPhoto d'identi\u00e9\t\t\t\t\t<\/span>\n\t\t\t\t<\/h3>\n\t\t\t\t\t\t\t\t\t<p class=\"elementor-icon-box-description\">\n\t\t\t\t\t\tMerci de nous fournir une photo au format standard. Imp\u00e9ratif pour les nouveaux licenci\u00e9s\t\t\t\t\t<\/p>\n\t\t\t\t\t\t\t<\/div>\n\t\t<\/div>\n\t\t\t\t<\/div>\n\t\t\t\t<\/div>\n\t\t\t\t\t\t<\/div>\n\t\t\t\t\t<\/div>\n\t\t<\/div>\n\t\t\t\t\t\t\t\t<\/div>\n\t\t\t\t\t<\/div>\n\t\t<\/section>\n\t\t\t\t<section class=\"elementor-section elementor-top-section elementor-element elementor-element-ff4d721 elementor-section-boxed elementor-section-height-default elementor-section-height-default\" data-id=\"ff4d721\" data-element_type=\"section\">\n\t\t\t\t\t\t<div class=\"elementor-container elementor-column-gap-default\">\n\t\t\t\t\t\t\t<div class=\"elementor-row\">\n\t\t\t\t\t<div class=\"elementor-column elementor-col-100 elementor-top-column elementor-element elementor-element-5cfa1ac\" data-id=\"5cfa1ac\" data-element_type=\"column\">\n\t\t\t<div class=\"elementor-column-wrap\">\n\t\t\t\t\t\t\t<div class=\"elementor-widget-wrap\">\n\t\t\t\t\t\t\t\t<\/div>\n\t\t\t\t\t<\/div>\n\t\t<\/div>\n\t\t\t\t\t\t\t\t<\/div>\n\t\t\t\t\t<\/div>\n\t\t<\/section>\n\t\t\t\t<section class=\"elementor-section elementor-top-section elementor-element elementor-element-7f7123b elementor-section-boxed elementor-section-height-default elementor-section-height-default\" data-id=\"7f7123b\" data-element_type=\"section\">\n\t\t\t\t\t\t<div class=\"elementor-container elementor-column-gap-default\">\n\t\t\t\t\t\t\t<div class=\"elementor-row\">\n\t\t\t\t\t<div class=\"elementor-column elementor-col-100 elementor-top-column elementor-element elementor-element-e334d4c\" data-id=\"e334d4c\" data-element_type=\"column\">\n\t\t\t<div class=\"elementor-column-wrap\">\n\t\t\t\t\t\t\t<div class=\"elementor-widget-wrap\">\n\t\t\t\t\t\t\t\t<\/div>\n\t\t\t\t\t<\/div>\n\t\t<\/div>\n\t\t\t\t\t\t\t\t<\/div>\n\t\t\t\t\t<\/div>\n\t\t<\/section>\n\t\t\t\t<section class=\"elementor-section elementor-top-section elementor-element elementor-element-7d27177 elementor-section-boxed elementor-section-height-default elementor-section-height-default\" data-id=\"7d27177\" data-element_type=\"section\">\n\t\t\t\t\t\t<div class=\"elementor-container elementor-column-gap-default\">\n\t\t\t\t\t\t\t<div class=\"elementor-row\">\n\t\t\t\t\t<div class=\"elementor-column elementor-col-100 elementor-top-column elementor-element elementor-element-6e79566\" data-id=\"6e79566\" data-element_type=\"column\">\n\t\t\t<div class=\"elementor-column-wrap elementor-element-populated\">\n\t\t\t\t\t\t\t<div class=\"elementor-widget-wrap\">\n\t\t\t\t\t\t<div class=\"elementor-element elementor-element-3e8f045 elementor-widget elementor-widget-text-editor\" data-id=\"3e8f045\" data-element_type=\"widget\" data-widget_type=\"text-editor.default\">\n\t\t\t\t<div class=\"elementor-widget-container\">\n\t\t\t\t\t\t\t\t<div class=\"elementor-text-editor elementor-clearfix\">\n\t\t\t\t<p>Vous recevrez un lien pour enregistrer vos pi\u00e8ces et vos coordonn\u00e9es\u00a0 sur le site de la F\u00e9d\u00e9ration \u00ab\u00a0GESTHAND\u00a0\u00bb, cela peut faire gagner beaucoup de temps \u00e0 nos \u00e9quipes. Cependant, si cela est compliqu\u00e9, vous pouvez nous faire passer les pi\u00e8ces demand\u00e9es lors du RDV d&rsquo;inscription.<\/p>\t\t\t\t\t<\/div>\n\t\t\t\t\t\t<\/div>\n\t\t\t\t<\/div>\n\t\t\t\t\t\t<\/div>\n\t\t\t\t\t<\/div>\n\t\t<\/div>\n\t\t\t\t\t\t\t\t<\/div>\n\t\t\t\t\t<\/div>\n\t\t<\/section>\n\t\t\t\t<section class=\"elementor-section elementor-top-section elementor-element elementor-element-0c3b8eb elementor-section-boxed elementor-section-height-default elementor-section-height-default\" data-id=\"0c3b8eb\" data-element_type=\"section\">\n\t\t\t\t\t\t<div class=\"elementor-container elementor-column-gap-default\">\n\t\t\t\t\t\t\t<div class=\"elementor-row\">\n\t\t\t\t\t<div class=\"elementor-column elementor-col-100 elementor-top-column elementor-element elementor-element-6d1d74b\" data-id=\"6d1d74b\" data-element_type=\"column\">\n\t\t\t<div class=\"elementor-column-wrap elementor-element-populated\">\n\t\t\t\t\t\t\t<div class=\"elementor-widget-wrap\">\n\t\t\t\t\t\t<div class=\"elementor-element elementor-element-de11d65 elementor-widget elementor-widget-spacer\" data-id=\"de11d65\" data-element_type=\"widget\" data-widget_type=\"spacer.default\">\n\t\t\t\t<div class=\"elementor-widget-container\">\n\t\t\t\t\t<div class=\"elementor-spacer\">\n\t\t\t<div class=\"elementor-spacer-inner\"><\/div>\n\t\t<\/div>\n\t\t\t\t<\/div>\n\t\t\t\t<\/div>\n\t\t\t\t\t\t<\/div>\n\t\t\t\t\t<\/div>\n\t\t<\/div>\n\t\t\t\t\t\t\t\t<\/div>\n\t\t\t\t\t<\/div>\n\t\t<\/section>\n\t\t\t\t<section class=\"elementor-section elementor-top-section elementor-element elementor-element-28de144 elementor-section-boxed elementor-section-height-default elementor-section-height-default\" data-id=\"28de144\" data-element_type=\"section\">\n\t\t\t\t\t\t<div class=\"elementor-container elementor-column-gap-default\">\n\t\t\t\t\t\t\t<div class=\"elementor-row\">\n\t\t\t\t\t<div class=\"elementor-column elementor-col-100 elementor-top-column elementor-element elementor-element-a0f0a76\" data-id=\"a0f0a76\" data-element_type=\"column\">\n\t\t\t<div class=\"elementor-column-wrap elementor-element-populated\">\n\t\t\t\t\t\t\t<div class=\"elementor-widget-wrap\">\n\t\t\t\t\t\t<div class=\"elementor-element elementor-element-72eff5f elementor-align-center elementor-widget elementor-widget-button\" data-id=\"72eff5f\" data-element_type=\"widget\" data-widget_type=\"button.default\">\n\t\t\t\t<div class=\"elementor-widget-container\">\n\t\t\t\t\t<div class=\"elementor-button-wrapper\">\n\t\t\t<a href=\"https:\/\/handballclubarlesien.com\/index.php\/inscription-2022-2023\/\" class=\"elementor-button-link elementor-button elementor-size-sm\" role=\"button\">\n\t\t\t\t\t\t<span class=\"elementor-button-content-wrapper\">\n\t\t\t\t\t\t<span class=\"elementor-button-text\">Retour \u00e0 la page d'inscription<\/span>\n\t\t<\/span>\n\t\t\t\t\t<\/a>\n\t\t<\/div>\n\t\t\t\t<\/div>\n\t\t\t\t<\/div>\n\t\t\t\t\t\t<\/div>\n\t\t\t\t\t<\/div>\n\t\t<\/div>\n\t\t\t\t\t\t\t\t<\/div>\n\t\t\t\t\t<\/div>\n\t\t<\/section>\n\t\t\t\t\t\t\t\t\t<\/div>\n\t\t\t<\/div>\n\t\t\t\t\t<\/div>\n\t\t","protected":false},"excerpt":{"rendered":"<p>Une attestation sant\u00e9 Pour les renouvellements si le certificat m\u00e9dical est a jour et si le questionnaire sant\u00e9 ne contient que des r\u00e9ponses \u00ab\u00a0Non\u00a0\u00bb Un Certificat medical Pour les nouveaux licenci\u00e9s et pour ceux dont le certificat \u00e0 plus de trois ans Le reglement int\u00e9rieur En signant ce r\u00e8glement, le licenci\u00e9 adh\u00e8re \u00e0 la politique [&hellip;]<\/p>\n","protected":false},"author":1,"featured_media":0,"parent":0,"menu_order":0,"comment_status":"closed","ping_status":"closed","template":"","meta":[],"yoast_head":"<!-- This site is optimized with the Yoast SEO plugin v19.6.1 - https:\/\/yoast.com\/wordpress\/plugins\/seo\/ -->\n<title>Documents pour l&#039;inscription d&#039;un Majeur - Hand Ball Club Arl\u00e9sien<\/title>\n<meta name=\"robots\" content=\"index, follow, max-snippet:-1, max-image-preview:large, max-video-preview:-1\" \/>\n<link rel=\"canonical\" href=\"https:\/\/handballclubarlesien.com\/index.php\/documents-pour-linscription-dun-majeur\/\" \/>\n<meta property=\"og:locale\" content=\"fr_FR\" \/>\n<meta property=\"og:type\" content=\"article\" \/>\n<meta property=\"og:title\" content=\"Documents pour l&#039;inscription d&#039;un Majeur - Hand Ball Club Arl\u00e9sien\" \/>\n<meta property=\"og:description\" content=\"Une attestation sant\u00e9 Pour les renouvellements si le certificat m\u00e9dical est a jour et si le questionnaire sant\u00e9 ne contient que des r\u00e9ponses \u00ab\u00a0Non\u00a0\u00bb Un Certificat medical Pour les nouveaux licenci\u00e9s et pour ceux dont le certificat \u00e0 plus de trois ans Le reglement int\u00e9rieur En signant ce r\u00e8glement, le licenci\u00e9 adh\u00e8re \u00e0 la politique [&hellip;]\" \/>\n<meta property=\"og:url\" content=\"https:\/\/handballclubarlesien.com\/index.php\/documents-pour-linscription-dun-majeur\/\" \/>\n<meta property=\"og:site_name\" content=\"Hand Ball Club Arl\u00e9sien\" \/>\n<meta property=\"article:publisher\" content=\"https:\/\/www.facebook.com\/hbcarles\/\" \/>\n<meta property=\"article:modified_time\" content=\"2022-06-01T22:19:41+00:00\" \/>\n<meta name=\"twitter:card\" content=\"summary_large_image\" \/>\n<meta name=\"twitter:label1\" content=\"Dur\u00e9e de lecture estim\u00e9e\" \/>\n\t<meta name=\"twitter:data1\" content=\"1 minute\" \/>\n<script type=\"application\/ld+json\" class=\"yoast-schema-graph\">{\"@context\":\"https:\/\/schema.org\",\"@graph\":[{\"@type\":\"WebPage\",\"@id\":\"https:\/\/handballclubarlesien.com\/index.php\/documents-pour-linscription-dun-majeur\/\",\"url\":\"https:\/\/handballclubarlesien.com\/index.php\/documents-pour-linscription-dun-majeur\/\",\"name\":\"Documents pour l'inscription d'un Majeur - Hand Ball Club Arl\u00e9sien\",\"isPartOf\":{\"@id\":\"https:\/\/handballclubarlesien.com\/#website\"},\"datePublished\":\"2022-06-01T22:04:18+00:00\",\"dateModified\":\"2022-06-01T22:19:41+00:00\",\"breadcrumb\":{\"@id\":\"https:\/\/handballclubarlesien.com\/index.php\/documents-pour-linscription-dun-majeur\/#breadcrumb\"},\"inLanguage\":\"fr-FR\",\"potentialAction\":[{\"@type\":\"ReadAction\",\"target\":[\"https:\/\/handballclubarlesien.com\/index.php\/documents-pour-linscription-dun-majeur\/\"]}]},{\"@type\":\"BreadcrumbList\",\"@id\":\"https:\/\/handballclubarlesien.com\/index.php\/documents-pour-linscription-dun-majeur\/#breadcrumb\",\"itemListElement\":[{\"@type\":\"ListItem\",\"position\":1,\"name\":\"Accueil\",\"item\":\"https:\/\/handballclubarlesien.com\/\"},{\"@type\":\"ListItem\",\"position\":2,\"name\":\"Documents pour l&#8217;inscription d&#8217;un Majeur\"}]},{\"@type\":\"WebSite\",\"@id\":\"https:\/\/handballclubarlesien.com\/#website\",\"url\":\"https:\/\/handballclubarlesien.com\/\",\"name\":\"Hand Ball Club Arl\u00e9sien\",\"description\":\"La page officielle du club de handball d&#039;Arles !\",\"publisher\":{\"@id\":\"https:\/\/handballclubarlesien.com\/#organization\"},\"potentialAction\":[{\"@type\":\"SearchAction\",\"target\":{\"@type\":\"EntryPoint\",\"urlTemplate\":\"https:\/\/handballclubarlesien.com\/?s={search_term_string}\"},\"query-input\":\"required name=search_term_string\"}],\"inLanguage\":\"fr-FR\"},{\"@type\":\"Organization\",\"@id\":\"https:\/\/handballclubarlesien.com\/#organization\",\"name\":\"Hand Ball Club Arl\u00e9sien\",\"url\":\"https:\/\/handballclubarlesien.com\/\",\"sameAs\":[\"https:\/\/www.instagram.com\/hbcarlesien\/?hl=es\",\"https:\/\/www.facebook.com\/hbcarles\/\"],\"logo\":{\"@type\":\"ImageObject\",\"inLanguage\":\"fr-FR\",\"@id\":\"https:\/\/handballclubarlesien.com\/#\/schema\/logo\/image\/\",\"url\":\"https:\/\/handballclubarlesien.com\/wp-content\/uploads\/2022\/07\/cropped-logoprojetHBCA_Page_2-removebg-preview.png\",\"contentUrl\":\"https:\/\/handballclubarlesien.com\/wp-content\/uploads\/2022\/07\/cropped-logoprojetHBCA_Page_2-removebg-preview.png\",\"width\":290,\"height\":279,\"caption\":\"Hand Ball Club Arl\u00e9sien\"},\"image\":{\"@id\":\"https:\/\/handballclubarlesien.com\/#\/schema\/logo\/image\/\"}}]}<\/script>\n<!-- \/ Yoast SEO plugin. -->","yoast_head_json":{"title":"Documents pour l'inscription d'un Majeur - Hand Ball Club Arl\u00e9sien","robots":{"index":"index","follow":"follow","max-snippet":"max-snippet:-1","max-image-preview":"max-image-preview:large","max-video-preview":"max-video-preview:-1"},"canonical":"https:\/\/handballclubarlesien.com\/index.php\/documents-pour-linscription-dun-majeur\/","og_locale":"fr_FR","og_type":"article","og_title":"Documents pour l'inscription d'un Majeur - Hand Ball Club Arl\u00e9sien","og_description":"Une attestation sant\u00e9 Pour les renouvellements si le certificat m\u00e9dical est a jour et si le questionnaire sant\u00e9 ne contient que des r\u00e9ponses \u00ab\u00a0Non\u00a0\u00bb Un Certificat medical Pour les nouveaux licenci\u00e9s et pour ceux dont le certificat \u00e0 plus de trois ans Le reglement int\u00e9rieur En signant ce r\u00e8glement, le licenci\u00e9 adh\u00e8re \u00e0 la politique [&hellip;]","og_url":"https:\/\/handballclubarlesien.com\/index.php\/documents-pour-linscription-dun-majeur\/","og_site_name":"Hand Ball Club Arl\u00e9sien","article_publisher":"https:\/\/www.facebook.com\/hbcarles\/","article_modified_time":"2022-06-01T22:19:41+00:00","twitter_card":"summary_large_image","twitter_misc":{"Dur\u00e9e de lecture estim\u00e9e":"1 minute"},"schema":{"@context":"https:\/\/schema.org","@graph":[{"@type":"WebPage","@id":"https:\/\/handballclubarlesien.com\/index.php\/documents-pour-linscription-dun-majeur\/","url":"https:\/\/handballclubarlesien.com\/index.php\/documents-pour-linscription-dun-majeur\/","name":"Documents pour l'inscription d'un Majeur - Hand Ball Club Arl\u00e9sien","isPartOf":{"@id":"https:\/\/handballclubarlesien.com\/#website"},"datePublished":"2022-06-01T22:04:18+00:00","dateModified":"2022-06-01T22:19:41+00:00","breadcrumb":{"@id":"https:\/\/handballclubarlesien.com\/index.php\/documents-pour-linscription-dun-majeur\/#breadcrumb"},"inLanguage":"fr-FR","potentialAction":[{"@type":"ReadAction","target":["https:\/\/handballclubarlesien.com\/index.php\/documents-pour-linscription-dun-majeur\/"]}]},{"@type":"BreadcrumbList","@id":"https:\/\/handballclubarlesien.com\/index.php\/documents-pour-linscription-dun-majeur\/#breadcrumb","itemListElement":[{"@type":"ListItem","position":1,"name":"Accueil","item":"https:\/\/handballclubarlesien.com\/"},{"@type":"ListItem","position":2,"name":"Documents pour l&#8217;inscription d&#8217;un Majeur"}]},{"@type":"WebSite","@id":"https:\/\/handballclubarlesien.com\/#website","url":"https:\/\/handballclubarlesien.com\/","name":"Hand Ball Club Arl\u00e9sien","description":"La page officielle du club de handball d&#039;Arles !","publisher":{"@id":"https:\/\/handballclubarlesien.com\/#organization"},"potentialAction":[{"@type":"SearchAction","target":{"@type":"EntryPoint","urlTemplate":"https:\/\/handballclubarlesien.com\/?s={search_term_string}"},"query-input":"required name=search_term_string"}],"inLanguage":"fr-FR"},{"@type":"Organization","@id":"https:\/\/handballclubarlesien.com\/#organization","name":"Hand Ball Club Arl\u00e9sien","url":"https:\/\/handballclubarlesien.com\/","sameAs":["https:\/\/www.instagram.com\/hbcarlesien\/?hl=es","https:\/\/www.facebook.com\/hbcarles\/"],"logo":{"@type":"ImageObject","inLanguage":"fr-FR","@id":"https:\/\/handballclubarlesien.com\/#\/schema\/logo\/image\/","url":"https:\/\/handballclubarlesien.com\/wp-content\/uploads\/2022\/07\/cropped-logoprojetHBCA_Page_2-removebg-preview.png","contentUrl":"https:\/\/handballclubarlesien.com\/wp-content\/uploads\/2022\/07\/cropped-logoprojetHBCA_Page_2-removebg-preview.png","width":290,"height":279,"caption":"Hand Ball Club Arl\u00e9sien"},"image":{"@id":"https:\/\/handballclubarlesien.com\/#\/schema\/logo\/image\/"}}]}},"_links":{"self":[{"href":"https:\/\/handballclubarlesien.com\/index.php\/wp-json\/wp\/v2\/pages\/2814"}],"collection":[{"href":"https:\/\/handballclubarlesien.com\/index.php\/wp-json\/wp\/v2\/pages"}],"about":[{"href":"https:\/\/handballclubarlesien.com\/index.php\/wp-json\/wp\/v2\/types\/page"}],"author":[{"embeddable":true,"href":"https:\/\/handballclubarlesien.com\/index.php\/wp-json\/wp\/v2\/users\/1"}],"replies":[{"embeddable":true,"href":"https:\/\/handballclubarlesien.com\/index.php\/wp-json\/wp\/v2\/comments?post=2814"}],"version-history":[{"count":8,"href":"https:\/\/handballclubarlesien.com\/index.php\/wp-json\/wp\/v2\/pages\/2814\/revisions"}],"predecessor-version":[{"id":2829,"href":"https:\/\/handballclubarlesien.com\/index.php\/wp-json\/wp\/v2\/pages\/2814\/revisions\/2829"}],"wp:attachment":[{"href":"https:\/\/handballclubarlesien.com\/index.php\/wp-json\/wp\/v2\/media?parent=2814"}],"curies":[{"name":"wp","href":"https:\/\/api.w.org\/{rel}","templated":true}]}}